{"id":619,"date":"2025-05-22T02:28:42","date_gmt":"2025-05-22T02:28:42","guid":{"rendered":"https:\/\/burmirshop.es\/producto\/repuestos-waterjet-pro\/"},"modified":"2026-04-11T06:13:14","modified_gmt":"2026-04-11T06:13:14","slug":"repuestos-waterjet-pro","status":"publish","type":"product","link":"https:\/\/burmirshop.es\/en\/producto\/repuestos-waterjet-pro\/","title":{"rendered":"Repuestos Waterjet Pro"},"content":{"rendered":"","protected":false},"excerpt":{"rendered":"<p>Repuestos premium para m\u00e1quinas Waterjet.<\/p>\n","protected":false},"featured_media":410,"comment_status":"open","ping_status":"closed","template":"","meta":{"_acf_changed":false,"iawp_total_views":0},"marca":[65,66],"product_brand":[],"product_cat":[131,137],"product_tag":[143,130,139],"class_list":{"0":"post-619","1":"product","2":"type-product","3":"status-publish","4":"has-post-thumbnail","6":"marca-burmir","7":"marca-waterjet","8":"product_cat-laser-co2-en","9":"product_cat-repuestos-waterjet-en","10":"product_tag-maquinaria-en","11":"product_tag-repuestos-en","12":"product_tag-waterjet-en","14":"first","15":"instock","16":"shipping-taxable","17":"purchasable","18":"product-type-simple"},"acf":[],"yoast_head":"<!-- This site is optimized with the Yoast SEO plugin v27.3 - https:\/\/yoast.com\/product\/yoast-seo-wordpress\/ -->\n<title>Repuestos Waterjet Pro - Burmir Soluciones Industriales<\/title>\n<meta name=\"description\" content=\"Compra repuestos premium para m\u00e1quinas Waterjet en Burmir Soluciones Industriales. Aprovecha el env\u00edo gratis y nuestros 100 d\u00edas de devoluci\u00f3n garantizados. \u00a1Optimiza tus procesos!\" \/>\n<meta name=\"robots\" content=\"index, follow, max-snippet:-1, max-image-preview:large, max-video-preview:-1\" \/>\n<link rel=\"canonical\" href=\"https:\/\/burmirshop.es\/en\/producto\/repuestos-waterjet-pro\/\" \/>\n<meta property=\"og:locale\" content=\"en_US\" \/>\n<meta property=\"og:type\" content=\"article\" \/>\n<meta property=\"og:title\" content=\"Repuestos Waterjet Pro - Burmir Soluciones Industriales\" \/>\n<meta property=\"og:description\" content=\"Compra repuestos premium para m\u00e1quinas Waterjet en Burmir Soluciones Industriales. Aprovecha el env\u00edo gratis y nuestros 100 d\u00edas de devoluci\u00f3n garantizados. \u00a1Optimiza tus procesos!\" \/>\n<meta property=\"og:url\" content=\"https:\/\/burmirshop.es\/en\/producto\/repuestos-waterjet-pro\/\" \/>\n<meta property=\"og:site_name\" content=\"Burmir Soluciones Industriales\" \/>\n<meta property=\"article:modified_time\" content=\"2026-04-11T06:13:14+00:00\" \/>\n<meta property=\"og:image\" content=\"https:\/\/burmirshop.es\/wp-content\/uploads\/2025\/05\/Leonardo_Vision_XL_Ilustracin_de_una_mquina_de_corte_Waterjet_0.jpg\" \/>\n\t<meta property=\"og:image:width\" content=\"1792\" \/>\n\t<meta property=\"og:image:height\" content=\"1456\" \/>\n\t<meta property=\"og:image:type\" content=\"image\/jpeg\" \/>\n<meta name=\"twitter:card\" content=\"summary_large_image\" \/>\n<!-- \/ Yoast SEO plugin. -->","yoast_head_json":{"title":"Repuestos Waterjet Pro - Burmir Soluciones Industriales","description":"Compra repuestos premium para m\u00e1quinas Waterjet en Burmir Soluciones Industriales. Aprovecha el env\u00edo gratis y nuestros 100 d\u00edas de devoluci\u00f3n garantizados. \u00a1Optimiza tus procesos!","robots":{"index":"index","follow":"follow","max-snippet":"max-snippet:-1","max-image-preview":"max-image-preview:large","max-video-preview":"max-video-preview:-1"},"canonical":"https:\/\/burmirshop.es\/en\/producto\/repuestos-waterjet-pro\/","og_locale":"en_US","og_type":"article","og_title":"Repuestos Waterjet Pro - Burmir Soluciones Industriales","og_description":"Compra repuestos premium para m\u00e1quinas Waterjet en Burmir Soluciones Industriales. Aprovecha el env\u00edo gratis y nuestros 100 d\u00edas de devoluci\u00f3n garantizados. \u00a1Optimiza tus procesos!","og_url":"https:\/\/burmirshop.es\/en\/producto\/repuestos-waterjet-pro\/","og_site_name":"Burmir Soluciones Industriales","article_modified_time":"2026-04-11T06:13:14+00:00","og_image":[{"width":1792,"height":1456,"url":"https:\/\/burmirshop.es\/wp-content\/uploads\/2025\/05\/Leonardo_Vision_XL_Ilustracin_de_una_mquina_de_corte_Waterjet_0.jpg","type":"image\/jpeg"}],"twitter_card":"summary_large_image","schema":{"@context":"https:\/\/schema.org","@graph":[{"@type":"WebPage","@id":"https:\/\/burmirshop.es\/en\/producto\/repuestos-waterjet-pro\/","url":"https:\/\/burmirshop.es\/en\/producto\/repuestos-waterjet-pro\/","name":"Repuestos Waterjet Pro - Burmir Soluciones Industriales","isPartOf":{"@id":"https:\/\/burmirshop.es\/en\/#website"},"primaryImageOfPage":{"@id":"https:\/\/burmirshop.es\/en\/producto\/repuestos-waterjet-pro\/#primaryimage"},"image":{"@id":"https:\/\/burmirshop.es\/en\/producto\/repuestos-waterjet-pro\/#primaryimage"},"thumbnailUrl":"https:\/\/burmirshop.es\/wp-content\/uploads\/2025\/05\/Leonardo_Vision_XL_Ilustracin_de_una_mquina_de_corte_Waterjet_0.jpg","datePublished":"2025-05-22T02:28:42+00:00","dateModified":"2026-04-11T06:13:14+00:00","description":"Compra repuestos premium para m\u00e1quinas Waterjet en Burmir Soluciones Industriales. Aprovecha el env\u00edo gratis y nuestros 100 d\u00edas de devoluci\u00f3n garantizados. \u00a1Optimiza tus procesos!","breadcrumb":{"@id":"https:\/\/burmirshop.es\/en\/producto\/repuestos-waterjet-pro\/#breadcrumb"},"inLanguage":"en-US","potentialAction":[{"@type":"ReadAction","target":["https:\/\/burmirshop.es\/en\/producto\/repuestos-waterjet-pro\/"]}]},{"@type":"ImageObject","inLanguage":"en-US","@id":"https:\/\/burmirshop.es\/en\/producto\/repuestos-waterjet-pro\/#primaryimage","url":"https:\/\/burmirshop.es\/wp-content\/uploads\/2025\/05\/Leonardo_Vision_XL_Ilustracin_de_una_mquina_de_corte_Waterjet_0.jpg","contentUrl":"https:\/\/burmirshop.es\/wp-content\/uploads\/2025\/05\/Leonardo_Vision_XL_Ilustracin_de_una_mquina_de_corte_Waterjet_0.jpg","width":1792,"height":1456},{"@type":"BreadcrumbList","@id":"https:\/\/burmirshop.es\/en\/producto\/repuestos-waterjet-pro\/#breadcrumb","itemListElement":[{"@type":"ListItem","position":1,"name":"Portada","item":"https:\/\/burmirshop.es\/en\/"},{"@type":"ListItem","position":2,"name":"Tienda","item":"https:\/\/burmirshop.es\/tienda\/"},{"@type":"ListItem","position":3,"name":"Repuestos Waterjet Pro"}]},{"@type":"WebSite","@id":"https:\/\/burmirshop.es\/en\/#website","url":"https:\/\/burmirshop.es\/en\/","name":"Burmir Soluciones Industriales","description":"","publisher":{"@id":"https:\/\/burmirshop.es\/en\/#organization"},"potentialAction":[{"@type":"SearchAction","target":{"@type":"EntryPoint","urlTemplate":"https:\/\/burmirshop.es\/en\/?s={search_term_string}"},"query-input":{"@type":"PropertyValueSpecification","valueRequired":true,"valueName":"search_term_string"}}],"inLanguage":"en-US"},{"@type":"Organization","@id":"https:\/\/burmirshop.es\/en\/#organization","name":"Burmir Soluciones Industriales","url":"https:\/\/burmirshop.es\/en\/","logo":{"@type":"ImageObject","inLanguage":"en-US","@id":"https:\/\/burmirshop.es\/en\/#\/schema\/logo\/image\/","url":"https:\/\/burmirshop.es\/wp-content\/uploads\/2025\/05\/682e2908d49c8_Burmir-logo-2_Bumir-logo-principal-con-texto.png","contentUrl":"https:\/\/burmirshop.es\/wp-content\/uploads\/2025\/05\/682e2908d49c8_Burmir-logo-2_Bumir-logo-principal-con-texto.png","width":282,"height":294,"caption":"Burmir Soluciones Industriales"},"image":{"@id":"https:\/\/burmirshop.es\/en\/#\/schema\/logo\/image\/"}}]}},"_links":{"self":[{"href":"https:\/\/burmirshop.es\/en\/wp-json\/wp\/v2\/product\/619","targetHints":{"allow":["GET"]}}],"collection":[{"href":"https:\/\/burmirshop.es\/en\/wp-json\/wp\/v2\/product"}],"about":[{"href":"https:\/\/burmirshop.es\/en\/wp-json\/wp\/v2\/types\/product"}],"replies":[{"embeddable":true,"href":"https:\/\/burmirshop.es\/en\/wp-json\/wp\/v2\/comments?post=619"}],"wp:featuredmedia":[{"embeddable":true,"href":"https:\/\/burmirshop.es\/en\/wp-json\/wp\/v2\/media\/410"}],"wp:attachment":[{"href":"https:\/\/burmirshop.es\/en\/wp-json\/wp\/v2\/media?parent=619"}],"wp:term":[{"taxonomy":"marca","embeddable":true,"href":"https:\/\/burmirshop.es\/en\/wp-json\/wp\/v2\/marca?post=619"},{"taxonomy":"product_brand","embeddable":true,"href":"https:\/\/burmirshop.es\/en\/wp-json\/wp\/v2\/product_brand?post=619"},{"taxonomy":"product_cat","embeddable":true,"href":"https:\/\/burmirshop.es\/en\/wp-json\/wp\/v2\/product_cat?post=619"},{"taxonomy":"product_tag","embeddable":true,"href":"https:\/\/burmirshop.es\/en\/wp-json\/wp\/v2\/product_tag?post=619"}],"curies":[{"name":"wp","href":"https:\/\/api.w.org\/{rel}","templated":true}]}}