{"id":616,"date":"2025-05-22T02:30:54","date_gmt":"2025-05-22T02:30:54","guid":{"rendered":"https:\/\/burmirshop.es\/producto\/repuesto-para-router-cnc-de-precision\/"},"modified":"2026-04-11T06:12:47","modified_gmt":"2026-04-11T06:12:47","slug":"repuesto-para-router-cnc-de-precision","status":"publish","type":"product","link":"https:\/\/burmirshop.es\/en\/producto\/repuesto-para-router-cnc-de-precision\/","title":{"rendered":"Repuesto para Router CNC de Precisi\u00f3n"},"content":{"rendered":"","protected":false},"excerpt":{"rendered":"<p>Repuesto de alta calidad para optimizar tu router CNC.<\/p>\n","protected":false},"featured_media":437,"comment_status":"open","ping_status":"closed","template":"","meta":{"_acf_changed":false,"iawp_total_views":0},"marca":[77,78],"product_brand":[],"product_cat":[144,122],"product_tag":[161,162,147],"class_list":{"0":"post-616","1":"product","2":"type-product","3":"status-publish","4":"has-post-thumbnail","6":"marca-cnc-pro","7":"marca-routermax","8":"product_cat-cnc-en","9":"product_cat-repuestos-laser-fibra-en","10":"product_tag-accesorios-cnc-en","11":"product_tag-maquinaria-cnc-en","12":"product_tag-repuestos-cnc-en","14":"first","15":"instock","16":"shipping-taxable","17":"purchasable","18":"product-type-simple"},"acf":[],"yoast_head":"<!-- This site is optimized with the Yoast SEO plugin v27.3 - https:\/\/yoast.com\/product\/yoast-seo-wordpress\/ -->\n<title>Repuesto Router CNC - Precisi\u00f3n | Burmir Soluciones<\/title>\n<meta name=\"description\" content=\"Compra repuesto de alta calidad para tu router CNC en Burmir Soluciones Industriales. Optimiza tu maquinaria con env\u00edos gratis y 100 d\u00edas de devoluci\u00f3n.\" \/>\n<meta name=\"robots\" content=\"index, follow, max-snippet:-1, max-image-preview:large, max-video-preview:-1\" \/>\n<link rel=\"canonical\" href=\"https:\/\/burmirshop.es\/en\/producto\/repuesto-para-router-cnc-de-precision\/\" \/>\n<meta property=\"og:locale\" content=\"en_US\" \/>\n<meta property=\"og:type\" content=\"article\" \/>\n<meta property=\"og:title\" content=\"Repuesto Router CNC - Precisi\u00f3n | Burmir Soluciones\" \/>\n<meta property=\"og:description\" content=\"Compra repuesto de alta calidad para tu router CNC en Burmir Soluciones Industriales. Optimiza tu maquinaria con env\u00edos gratis y 100 d\u00edas de devoluci\u00f3n.\" \/>\n<meta property=\"og:url\" content=\"https:\/\/burmirshop.es\/en\/producto\/repuesto-para-router-cnc-de-precision\/\" \/>\n<meta property=\"og:site_name\" content=\"Burmir Soluciones Industriales\" \/>\n<meta property=\"article:modified_time\" content=\"2026-04-11T06:12:47+00:00\" \/>\n<meta property=\"og:image\" content=\"https:\/\/burmirshop.es\/wp-content\/uploads\/2025\/05\/Leonardo_Vision_XL_Disear_una_imagen_para_un_sitio_web_de_maqu_0.jpg\" \/>\n\t<meta property=\"og:image:width\" content=\"1792\" \/>\n\t<meta property=\"og:image:height\" content=\"1456\" \/>\n\t<meta property=\"og:image:type\" content=\"image\/jpeg\" \/>\n<meta name=\"twitter:card\" content=\"summary_large_image\" \/>\n<!-- \/ Yoast SEO plugin. -->","yoast_head_json":{"title":"Repuesto Router CNC - Precisi\u00f3n | Burmir Soluciones","description":"Compra repuesto de alta calidad para tu router CNC en Burmir Soluciones Industriales. Optimiza tu maquinaria con env\u00edos gratis y 100 d\u00edas de devoluci\u00f3n.","robots":{"index":"index","follow":"follow","max-snippet":"max-snippet:-1","max-image-preview":"max-image-preview:large","max-video-preview":"max-video-preview:-1"},"canonical":"https:\/\/burmirshop.es\/en\/producto\/repuesto-para-router-cnc-de-precision\/","og_locale":"en_US","og_type":"article","og_title":"Repuesto Router CNC - Precisi\u00f3n | Burmir Soluciones","og_description":"Compra repuesto de alta calidad para tu router CNC en Burmir Soluciones Industriales. Optimiza tu maquinaria con env\u00edos gratis y 100 d\u00edas de devoluci\u00f3n.","og_url":"https:\/\/burmirshop.es\/en\/producto\/repuesto-para-router-cnc-de-precision\/","og_site_name":"Burmir Soluciones Industriales","article_modified_time":"2026-04-11T06:12:47+00:00","og_image":[{"width":1792,"height":1456,"url":"https:\/\/burmirshop.es\/wp-content\/uploads\/2025\/05\/Leonardo_Vision_XL_Disear_una_imagen_para_un_sitio_web_de_maqu_0.jpg","type":"image\/jpeg"}],"twitter_card":"summary_large_image","schema":{"@context":"https:\/\/schema.org","@graph":[{"@type":"WebPage","@id":"https:\/\/burmirshop.es\/en\/producto\/repuesto-para-router-cnc-de-precision\/","url":"https:\/\/burmirshop.es\/en\/producto\/repuesto-para-router-cnc-de-precision\/","name":"Repuesto Router CNC - Precisi\u00f3n | Burmir Soluciones","isPartOf":{"@id":"https:\/\/burmirshop.es\/en\/#website"},"primaryImageOfPage":{"@id":"https:\/\/burmirshop.es\/en\/producto\/repuesto-para-router-cnc-de-precision\/#primaryimage"},"image":{"@id":"https:\/\/burmirshop.es\/en\/producto\/repuesto-para-router-cnc-de-precision\/#primaryimage"},"thumbnailUrl":"https:\/\/burmirshop.es\/wp-content\/uploads\/2025\/05\/Leonardo_Vision_XL_Disear_una_imagen_para_un_sitio_web_de_maqu_0.jpg","datePublished":"2025-05-22T02:30:54+00:00","dateModified":"2026-04-11T06:12:47+00:00","description":"Compra repuesto de alta calidad para tu router CNC en Burmir Soluciones Industriales. Optimiza tu maquinaria con env\u00edos gratis y 100 d\u00edas de devoluci\u00f3n.","breadcrumb":{"@id":"https:\/\/burmirshop.es\/en\/producto\/repuesto-para-router-cnc-de-precision\/#breadcrumb"},"inLanguage":"en-US","potentialAction":[{"@type":"ReadAction","target":["https:\/\/burmirshop.es\/en\/producto\/repuesto-para-router-cnc-de-precision\/"]}]},{"@type":"ImageObject","inLanguage":"en-US","@id":"https:\/\/burmirshop.es\/en\/producto\/repuesto-para-router-cnc-de-precision\/#primaryimage","url":"https:\/\/burmirshop.es\/wp-content\/uploads\/2025\/05\/Leonardo_Vision_XL_Disear_una_imagen_para_un_sitio_web_de_maqu_0.jpg","contentUrl":"https:\/\/burmirshop.es\/wp-content\/uploads\/2025\/05\/Leonardo_Vision_XL_Disear_una_imagen_para_un_sitio_web_de_maqu_0.jpg","width":1792,"height":1456},{"@type":"BreadcrumbList","@id":"https:\/\/burmirshop.es\/en\/producto\/repuesto-para-router-cnc-de-precision\/#breadcrumb","itemListElement":[{"@type":"ListItem","position":1,"name":"Portada","item":"https:\/\/burmirshop.es\/en\/"},{"@type":"ListItem","position":2,"name":"Tienda","item":"https:\/\/burmirshop.es\/tienda\/"},{"@type":"ListItem","position":3,"name":"Repuesto para Router CNC de Precisi\u00f3n"}]},{"@type":"WebSite","@id":"https:\/\/burmirshop.es\/en\/#website","url":"https:\/\/burmirshop.es\/en\/","name":"Burmir Soluciones Industriales","description":"","publisher":{"@id":"https:\/\/burmirshop.es\/en\/#organization"},"potentialAction":[{"@type":"SearchAction","target":{"@type":"EntryPoint","urlTemplate":"https:\/\/burmirshop.es\/en\/?s={search_term_string}"},"query-input":{"@type":"PropertyValueSpecification","valueRequired":true,"valueName":"search_term_string"}}],"inLanguage":"en-US"},{"@type":"Organization","@id":"https:\/\/burmirshop.es\/en\/#organization","name":"Burmir Soluciones Industriales","url":"https:\/\/burmirshop.es\/en\/","logo":{"@type":"ImageObject","inLanguage":"en-US","@id":"https:\/\/burmirshop.es\/en\/#\/schema\/logo\/image\/","url":"https:\/\/burmirshop.es\/wp-content\/uploads\/2025\/05\/682e2908d49c8_Burmir-logo-2_Bumir-logo-principal-con-texto.png","contentUrl":"https:\/\/burmirshop.es\/wp-content\/uploads\/2025\/05\/682e2908d49c8_Burmir-logo-2_Bumir-logo-principal-con-texto.png","width":282,"height":294,"caption":"Burmir Soluciones Industriales"},"image":{"@id":"https:\/\/burmirshop.es\/en\/#\/schema\/logo\/image\/"}}]}},"_links":{"self":[{"href":"https:\/\/burmirshop.es\/en\/wp-json\/wp\/v2\/product\/616","targetHints":{"allow":["GET"]}}],"collection":[{"href":"https:\/\/burmirshop.es\/en\/wp-json\/wp\/v2\/product"}],"about":[{"href":"https:\/\/burmirshop.es\/en\/wp-json\/wp\/v2\/types\/product"}],"replies":[{"embeddable":true,"href":"https:\/\/burmirshop.es\/en\/wp-json\/wp\/v2\/comments?post=616"}],"wp:featuredmedia":[{"embeddable":true,"href":"https:\/\/burmirshop.es\/en\/wp-json\/wp\/v2\/media\/437"}],"wp:attachment":[{"href":"https:\/\/burmirshop.es\/en\/wp-json\/wp\/v2\/media?parent=616"}],"wp:term":[{"taxonomy":"marca","embeddable":true,"href":"https:\/\/burmirshop.es\/en\/wp-json\/wp\/v2\/marca?post=616"},{"taxonomy":"product_brand","embeddable":true,"href":"https:\/\/burmirshop.es\/en\/wp-json\/wp\/v2\/product_brand?post=616"},{"taxonomy":"product_cat","embeddable":true,"href":"https:\/\/burmirshop.es\/en\/wp-json\/wp\/v2\/product_cat?post=616"},{"taxonomy":"product_tag","embeddable":true,"href":"https:\/\/burmirshop.es\/en\/wp-json\/wp\/v2\/product_tag?post=616"}],"curies":[{"name":"wp","href":"https:\/\/api.w.org\/{rel}","templated":true}]}}