{"id":611,"date":"2025-05-22T02:35:21","date_gmt":"2025-05-22T02:35:21","guid":{"rendered":"https:\/\/burmirshop.es\/producto\/cortadora-laser-fibra-de-alta-precision\/"},"modified":"2026-04-11T06:12:02","modified_gmt":"2026-04-11T06:12:02","slug":"cortadora-laser-fibra-de-alta-precision","status":"publish","type":"product","link":"https:\/\/burmirshop.es\/en\/producto\/cortadora-laser-fibra-de-alta-precision\/","title":{"rendered":"Cortadora L\u00e1ser Fibra de Alta Precisi\u00f3n"},"content":{"rendered":"","protected":false},"excerpt":{"rendered":"<p>M\u00e1quina de corte l\u00e1ser fibra de precisi\u00f3n y eficiencia.<\/p>\n","protected":false},"featured_media":482,"comment_status":"open","ping_status":"closed","template":"","meta":{"_acf_changed":false,"iawp_total_views":0},"marca":[65,75],"product_brand":[],"product_cat":[121,122],"product_tag":[148,142,156],"class_list":{"0":"post-611","1":"product","2":"type-product","3":"status-publish","4":"has-post-thumbnail","6":"marca-burmir","7":"marca-precisioncut","8":"product_cat-maquinas-laser-fibra-en","9":"product_cat-repuestos-laser-fibra-en","10":"product_tag-corte-laser-en","11":"product_tag-industria-en","12":"product_tag-maquinas-cnc-en","14":"first","15":"instock","16":"sale","17":"shipping-taxable","18":"purchasable","19":"product-type-simple"},"acf":[],"yoast_head":"<!-- This site is optimized with the Yoast SEO plugin v27.3 - https:\/\/yoast.com\/product\/yoast-seo-wordpress\/ -->\n<title>Cortadora L\u00e1ser Fibra Alta Precisi\u00f3n - Burmir<\/title>\n<meta name=\"description\" content=\"Descubre la eficiencia de nuestra Cortadora L\u00e1ser Fibra de Alta Precisi\u00f3n. Ideal para industrias, ahora con un 12% de descuento y env\u00edo gratis en Burmir Soluciones Industriales.\" \/>\n<meta name=\"robots\" content=\"index, follow, max-snippet:-1, max-image-preview:large, max-video-preview:-1\" \/>\n<link rel=\"canonical\" href=\"https:\/\/burmirshop.es\/en\/producto\/cortadora-laser-fibra-de-alta-precision\/\" \/>\n<meta property=\"og:locale\" content=\"en_US\" \/>\n<meta property=\"og:type\" content=\"article\" \/>\n<meta property=\"og:title\" content=\"Cortadora L\u00e1ser Fibra Alta Precisi\u00f3n - Burmir\" \/>\n<meta property=\"og:description\" content=\"Descubre la eficiencia de nuestra Cortadora L\u00e1ser Fibra de Alta Precisi\u00f3n. Ideal para industrias, ahora con un 12% de descuento y env\u00edo gratis en Burmir Soluciones Industriales.\" \/>\n<meta property=\"og:url\" content=\"https:\/\/burmirshop.es\/en\/producto\/cortadora-laser-fibra-de-alta-precision\/\" \/>\n<meta property=\"og:site_name\" content=\"Burmir Soluciones Industriales\" \/>\n<meta property=\"article:modified_time\" content=\"2026-04-11T06:12:02+00:00\" \/>\n<meta property=\"og:image\" content=\"https:\/\/burmirshop.es\/wp-content\/uploads\/2025\/05\/Leonardo_Vision_XL_Imagen_de_una_cortadora_lser_de_fibra_de_al_0.jpg\" \/>\n\t<meta property=\"og:image:width\" content=\"1792\" \/>\n\t<meta property=\"og:image:height\" content=\"1456\" \/>\n\t<meta property=\"og:image:type\" content=\"image\/jpeg\" \/>\n<meta name=\"twitter:card\" content=\"summary_large_image\" \/>\n<!-- \/ Yoast SEO plugin. -->","yoast_head_json":{"title":"Cortadora L\u00e1ser Fibra Alta Precisi\u00f3n - Burmir","description":"Descubre la eficiencia de nuestra Cortadora L\u00e1ser Fibra de Alta Precisi\u00f3n. Ideal para industrias, ahora con un 12% de descuento y env\u00edo gratis en Burmir Soluciones Industriales.","robots":{"index":"index","follow":"follow","max-snippet":"max-snippet:-1","max-image-preview":"max-image-preview:large","max-video-preview":"max-video-preview:-1"},"canonical":"https:\/\/burmirshop.es\/en\/producto\/cortadora-laser-fibra-de-alta-precision\/","og_locale":"en_US","og_type":"article","og_title":"Cortadora L\u00e1ser Fibra Alta Precisi\u00f3n - Burmir","og_description":"Descubre la eficiencia de nuestra Cortadora L\u00e1ser Fibra de Alta Precisi\u00f3n. Ideal para industrias, ahora con un 12% de descuento y env\u00edo gratis en Burmir Soluciones Industriales.","og_url":"https:\/\/burmirshop.es\/en\/producto\/cortadora-laser-fibra-de-alta-precision\/","og_site_name":"Burmir Soluciones Industriales","article_modified_time":"2026-04-11T06:12:02+00:00","og_image":[{"width":1792,"height":1456,"url":"https:\/\/burmirshop.es\/wp-content\/uploads\/2025\/05\/Leonardo_Vision_XL_Imagen_de_una_cortadora_lser_de_fibra_de_al_0.jpg","type":"image\/jpeg"}],"twitter_card":"summary_large_image","schema":{"@context":"https:\/\/schema.org","@graph":[{"@type":"WebPage","@id":"https:\/\/burmirshop.es\/en\/producto\/cortadora-laser-fibra-de-alta-precision\/","url":"https:\/\/burmirshop.es\/en\/producto\/cortadora-laser-fibra-de-alta-precision\/","name":"Cortadora L\u00e1ser Fibra Alta Precisi\u00f3n - Burmir","isPartOf":{"@id":"https:\/\/burmirshop.es\/en\/#website"},"primaryImageOfPage":{"@id":"https:\/\/burmirshop.es\/en\/producto\/cortadora-laser-fibra-de-alta-precision\/#primaryimage"},"image":{"@id":"https:\/\/burmirshop.es\/en\/producto\/cortadora-laser-fibra-de-alta-precision\/#primaryimage"},"thumbnailUrl":"https:\/\/burmirshop.es\/wp-content\/uploads\/2025\/05\/Leonardo_Vision_XL_Imagen_de_una_cortadora_lser_de_fibra_de_al_0.jpg","datePublished":"2025-05-22T02:35:21+00:00","dateModified":"2026-04-11T06:12:02+00:00","description":"Descubre la eficiencia de nuestra Cortadora L\u00e1ser Fibra de Alta Precisi\u00f3n. Ideal para industrias, ahora con un 12% de descuento y env\u00edo gratis en Burmir Soluciones Industriales.","breadcrumb":{"@id":"https:\/\/burmirshop.es\/en\/producto\/cortadora-laser-fibra-de-alta-precision\/#breadcrumb"},"inLanguage":"en-US","potentialAction":[{"@type":"ReadAction","target":["https:\/\/burmirshop.es\/en\/producto\/cortadora-laser-fibra-de-alta-precision\/"]}]},{"@type":"ImageObject","inLanguage":"en-US","@id":"https:\/\/burmirshop.es\/en\/producto\/cortadora-laser-fibra-de-alta-precision\/#primaryimage","url":"https:\/\/burmirshop.es\/wp-content\/uploads\/2025\/05\/Leonardo_Vision_XL_Imagen_de_una_cortadora_lser_de_fibra_de_al_0.jpg","contentUrl":"https:\/\/burmirshop.es\/wp-content\/uploads\/2025\/05\/Leonardo_Vision_XL_Imagen_de_una_cortadora_lser_de_fibra_de_al_0.jpg","width":1792,"height":1456},{"@type":"BreadcrumbList","@id":"https:\/\/burmirshop.es\/en\/producto\/cortadora-laser-fibra-de-alta-precision\/#breadcrumb","itemListElement":[{"@type":"ListItem","position":1,"name":"Portada","item":"https:\/\/burmirshop.es\/en\/"},{"@type":"ListItem","position":2,"name":"Tienda","item":"https:\/\/burmirshop.es\/tienda\/"},{"@type":"ListItem","position":3,"name":"Cortadora L\u00e1ser Fibra de Alta Precisi\u00f3n"}]},{"@type":"WebSite","@id":"https:\/\/burmirshop.es\/en\/#website","url":"https:\/\/burmirshop.es\/en\/","name":"Burmir Soluciones Industriales","description":"","publisher":{"@id":"https:\/\/burmirshop.es\/en\/#organization"},"potentialAction":[{"@type":"SearchAction","target":{"@type":"EntryPoint","urlTemplate":"https:\/\/burmirshop.es\/en\/?s={search_term_string}"},"query-input":{"@type":"PropertyValueSpecification","valueRequired":true,"valueName":"search_term_string"}}],"inLanguage":"en-US"},{"@type":"Organization","@id":"https:\/\/burmirshop.es\/en\/#organization","name":"Burmir Soluciones Industriales","url":"https:\/\/burmirshop.es\/en\/","logo":{"@type":"ImageObject","inLanguage":"en-US","@id":"https:\/\/burmirshop.es\/en\/#\/schema\/logo\/image\/","url":"https:\/\/burmirshop.es\/wp-content\/uploads\/2025\/05\/682e2908d49c8_Burmir-logo-2_Bumir-logo-principal-con-texto.png","contentUrl":"https:\/\/burmirshop.es\/wp-content\/uploads\/2025\/05\/682e2908d49c8_Burmir-logo-2_Bumir-logo-principal-con-texto.png","width":282,"height":294,"caption":"Burmir Soluciones Industriales"},"image":{"@id":"https:\/\/burmirshop.es\/en\/#\/schema\/logo\/image\/"}}]}},"_links":{"self":[{"href":"https:\/\/burmirshop.es\/en\/wp-json\/wp\/v2\/product\/611","targetHints":{"allow":["GET"]}}],"collection":[{"href":"https:\/\/burmirshop.es\/en\/wp-json\/wp\/v2\/product"}],"about":[{"href":"https:\/\/burmirshop.es\/en\/wp-json\/wp\/v2\/types\/product"}],"replies":[{"embeddable":true,"href":"https:\/\/burmirshop.es\/en\/wp-json\/wp\/v2\/comments?post=611"}],"wp:featuredmedia":[{"embeddable":true,"href":"https:\/\/burmirshop.es\/en\/wp-json\/wp\/v2\/media\/482"}],"wp:attachment":[{"href":"https:\/\/burmirshop.es\/en\/wp-json\/wp\/v2\/media?parent=611"}],"wp:term":[{"taxonomy":"marca","embeddable":true,"href":"https:\/\/burmirshop.es\/en\/wp-json\/wp\/v2\/marca?post=611"},{"taxonomy":"product_brand","embeddable":true,"href":"https:\/\/burmirshop.es\/en\/wp-json\/wp\/v2\/product_brand?post=611"},{"taxonomy":"product_cat","embeddable":true,"href":"https:\/\/burmirshop.es\/en\/wp-json\/wp\/v2\/product_cat?post=611"},{"taxonomy":"product_tag","embeddable":true,"href":"https:\/\/burmirshop.es\/en\/wp-json\/wp\/v2\/product_tag?post=611"}],"curies":[{"name":"wp","href":"https:\/\/api.w.org\/{rel}","templated":true}]}}