{"id":600,"date":"2025-05-22T02:45:07","date_gmt":"2025-05-22T02:45:07","guid":{"rendered":"https:\/\/burmirshop.es\/producto\/maquina-laser-fibra-xy2000\/"},"modified":"2026-04-11T06:10:23","modified_gmt":"2026-04-11T06:10:23","slug":"maquina-laser-fibra-xy2000","status":"publish","type":"product","link":"https:\/\/burmirshop.es\/en\/producto\/maquina-laser-fibra-xy2000\/","title":{"rendered":"M\u00e1quina L\u00e1ser Fibra XY2000"},"content":{"rendered":"","protected":false},"excerpt":{"rendered":"<p>Corte l\u00e1ser fibra preciso y eficiente para acero y aluminio.<\/p>\n","protected":false},"featured_media":581,"comment_status":"open","ping_status":"closed","template":"","meta":{"_acf_changed":false,"iawp_total_views":0},"marca":[65,116],"product_brand":[],"product_cat":[121,122],"product_tag":[123,124,125],"class_list":{"0":"post-600","1":"product","2":"type-product","3":"status-publish","4":"has-post-thumbnail","6":"marca-burmir","7":"marca-infinicut","8":"product_cat-maquinas-laser-fibra-en","9":"product_cat-repuestos-laser-fibra-en","10":"product_tag-corte-industrial-en","11":"product_tag-eficiencia-en","12":"product_tag-laser-fibra-en","14":"first","15":"instock","16":"sale","17":"shipping-taxable","18":"purchasable","19":"product-type-simple"},"acf":[],"yoast_head":"<!-- This site is optimized with the Yoast SEO plugin v27.3 - https:\/\/yoast.com\/product\/yoast-seo-wordpress\/ -->\n<title>M\u00e1quina L\u00e1ser Fibra XY2000 - Burmir<\/title>\n<meta name=\"description\" content=\"Descubre la XY2000, m\u00e1quina l\u00e1ser fibra eficiente para corte industrial. Precio especial: 73,50 \u20ac. Env\u00edo gratis y 100 d\u00edas de devoluci\u00f3n segura.\" \/>\n<meta name=\"robots\" content=\"index, follow, max-snippet:-1, max-image-preview:large, max-video-preview:-1\" \/>\n<link rel=\"canonical\" href=\"https:\/\/burmirshop.es\/en\/producto\/maquina-laser-fibra-xy2000\/\" \/>\n<meta property=\"og:locale\" content=\"en_US\" \/>\n<meta property=\"og:type\" content=\"article\" \/>\n<meta property=\"og:title\" content=\"M\u00e1quina L\u00e1ser Fibra XY2000 - Burmir\" \/>\n<meta property=\"og:description\" content=\"Descubre la XY2000, m\u00e1quina l\u00e1ser fibra eficiente para corte industrial. Precio especial: 73,50 \u20ac. Env\u00edo gratis y 100 d\u00edas de devoluci\u00f3n segura.\" \/>\n<meta property=\"og:url\" content=\"https:\/\/burmirshop.es\/en\/producto\/maquina-laser-fibra-xy2000\/\" \/>\n<meta property=\"og:site_name\" content=\"Burmir Soluciones Industriales\" \/>\n<meta property=\"article:modified_time\" content=\"2026-04-11T06:10:23+00:00\" \/>\n<meta property=\"og:image\" content=\"https:\/\/burmirshop.es\/wp-content\/uploads\/2025\/05\/Leonardo_Vision_XL_Disear_una_imagen_para_la_seccin_de_Product_0-2.jpg\" \/>\n\t<meta property=\"og:image:width\" content=\"1792\" \/>\n\t<meta property=\"og:image:height\" content=\"1456\" \/>\n\t<meta property=\"og:image:type\" content=\"image\/jpeg\" \/>\n<meta name=\"twitter:card\" content=\"summary_large_image\" \/>\n<!-- \/ Yoast SEO plugin. -->","yoast_head_json":{"title":"M\u00e1quina L\u00e1ser Fibra XY2000 - Burmir","description":"Descubre la XY2000, m\u00e1quina l\u00e1ser fibra eficiente para corte industrial. Precio especial: 73,50 \u20ac. Env\u00edo gratis y 100 d\u00edas de devoluci\u00f3n segura.","robots":{"index":"index","follow":"follow","max-snippet":"max-snippet:-1","max-image-preview":"max-image-preview:large","max-video-preview":"max-video-preview:-1"},"canonical":"https:\/\/burmirshop.es\/en\/producto\/maquina-laser-fibra-xy2000\/","og_locale":"en_US","og_type":"article","og_title":"M\u00e1quina L\u00e1ser Fibra XY2000 - Burmir","og_description":"Descubre la XY2000, m\u00e1quina l\u00e1ser fibra eficiente para corte industrial. Precio especial: 73,50 \u20ac. Env\u00edo gratis y 100 d\u00edas de devoluci\u00f3n segura.","og_url":"https:\/\/burmirshop.es\/en\/producto\/maquina-laser-fibra-xy2000\/","og_site_name":"Burmir Soluciones Industriales","article_modified_time":"2026-04-11T06:10:23+00:00","og_image":[{"width":1792,"height":1456,"url":"https:\/\/burmirshop.es\/wp-content\/uploads\/2025\/05\/Leonardo_Vision_XL_Disear_una_imagen_para_la_seccin_de_Product_0-2.jpg","type":"image\/jpeg"}],"twitter_card":"summary_large_image","schema":{"@context":"https:\/\/schema.org","@graph":[{"@type":"WebPage","@id":"https:\/\/burmirshop.es\/en\/producto\/maquina-laser-fibra-xy2000\/","url":"https:\/\/burmirshop.es\/en\/producto\/maquina-laser-fibra-xy2000\/","name":"M\u00e1quina L\u00e1ser Fibra XY2000 - Burmir","isPartOf":{"@id":"https:\/\/burmirshop.es\/en\/#website"},"primaryImageOfPage":{"@id":"https:\/\/burmirshop.es\/en\/producto\/maquina-laser-fibra-xy2000\/#primaryimage"},"image":{"@id":"https:\/\/burmirshop.es\/en\/producto\/maquina-laser-fibra-xy2000\/#primaryimage"},"thumbnailUrl":"https:\/\/burmirshop.es\/wp-content\/uploads\/2025\/05\/Leonardo_Vision_XL_Disear_una_imagen_para_la_seccin_de_Product_0-2.jpg","datePublished":"2025-05-22T02:45:07+00:00","dateModified":"2026-04-11T06:10:23+00:00","description":"Descubre la XY2000, m\u00e1quina l\u00e1ser fibra eficiente para corte industrial. Precio especial: 73,50 \u20ac. Env\u00edo gratis y 100 d\u00edas de devoluci\u00f3n segura.","breadcrumb":{"@id":"https:\/\/burmirshop.es\/en\/producto\/maquina-laser-fibra-xy2000\/#breadcrumb"},"inLanguage":"en-US","potentialAction":[{"@type":"ReadAction","target":["https:\/\/burmirshop.es\/en\/producto\/maquina-laser-fibra-xy2000\/"]}]},{"@type":"ImageObject","inLanguage":"en-US","@id":"https:\/\/burmirshop.es\/en\/producto\/maquina-laser-fibra-xy2000\/#primaryimage","url":"https:\/\/burmirshop.es\/wp-content\/uploads\/2025\/05\/Leonardo_Vision_XL_Disear_una_imagen_para_la_seccin_de_Product_0-2.jpg","contentUrl":"https:\/\/burmirshop.es\/wp-content\/uploads\/2025\/05\/Leonardo_Vision_XL_Disear_una_imagen_para_la_seccin_de_Product_0-2.jpg","width":1792,"height":1456},{"@type":"BreadcrumbList","@id":"https:\/\/burmirshop.es\/en\/producto\/maquina-laser-fibra-xy2000\/#breadcrumb","itemListElement":[{"@type":"ListItem","position":1,"name":"Portada","item":"https:\/\/burmirshop.es\/en\/"},{"@type":"ListItem","position":2,"name":"Tienda","item":"https:\/\/burmirshop.es\/tienda\/"},{"@type":"ListItem","position":3,"name":"M\u00e1quina L\u00e1ser Fibra XY2000"}]},{"@type":"WebSite","@id":"https:\/\/burmirshop.es\/en\/#website","url":"https:\/\/burmirshop.es\/en\/","name":"Burmir Soluciones Industriales","description":"","publisher":{"@id":"https:\/\/burmirshop.es\/en\/#organization"},"potentialAction":[{"@type":"SearchAction","target":{"@type":"EntryPoint","urlTemplate":"https:\/\/burmirshop.es\/en\/?s={search_term_string}"},"query-input":{"@type":"PropertyValueSpecification","valueRequired":true,"valueName":"search_term_string"}}],"inLanguage":"en-US"},{"@type":"Organization","@id":"https:\/\/burmirshop.es\/en\/#organization","name":"Burmir Soluciones Industriales","url":"https:\/\/burmirshop.es\/en\/","logo":{"@type":"ImageObject","inLanguage":"en-US","@id":"https:\/\/burmirshop.es\/en\/#\/schema\/logo\/image\/","url":"https:\/\/burmirshop.es\/wp-content\/uploads\/2025\/05\/682e2908d49c8_Burmir-logo-2_Bumir-logo-principal-con-texto.png","contentUrl":"https:\/\/burmirshop.es\/wp-content\/uploads\/2025\/05\/682e2908d49c8_Burmir-logo-2_Bumir-logo-principal-con-texto.png","width":282,"height":294,"caption":"Burmir Soluciones Industriales"},"image":{"@id":"https:\/\/burmirshop.es\/en\/#\/schema\/logo\/image\/"}}]}},"_links":{"self":[{"href":"https:\/\/burmirshop.es\/en\/wp-json\/wp\/v2\/product\/600","targetHints":{"allow":["GET"]}}],"collection":[{"href":"https:\/\/burmirshop.es\/en\/wp-json\/wp\/v2\/product"}],"about":[{"href":"https:\/\/burmirshop.es\/en\/wp-json\/wp\/v2\/types\/product"}],"replies":[{"embeddable":true,"href":"https:\/\/burmirshop.es\/en\/wp-json\/wp\/v2\/comments?post=600"}],"wp:featuredmedia":[{"embeddable":true,"href":"https:\/\/burmirshop.es\/en\/wp-json\/wp\/v2\/media\/581"}],"wp:attachment":[{"href":"https:\/\/burmirshop.es\/en\/wp-json\/wp\/v2\/media?parent=600"}],"wp:term":[{"taxonomy":"marca","embeddable":true,"href":"https:\/\/burmirshop.es\/en\/wp-json\/wp\/v2\/marca?post=600"},{"taxonomy":"product_brand","embeddable":true,"href":"https:\/\/burmirshop.es\/en\/wp-json\/wp\/v2\/product_brand?post=600"},{"taxonomy":"product_cat","embeddable":true,"href":"https:\/\/burmirshop.es\/en\/wp-json\/wp\/v2\/product_cat?post=600"},{"taxonomy":"product_tag","embeddable":true,"href":"https:\/\/burmirshop.es\/en\/wp-json\/wp\/v2\/product_tag?post=600"}],"curies":[{"name":"wp","href":"https:\/\/api.w.org\/{rel}","templated":true}]}}